{"id":43,"date":"2015-02-21T11:54:32","date_gmt":"2015-02-21T10:54:32","guid":{"rendered":"https:\/\/www.darc-c20.de\/?page_id=43"},"modified":"2015-08-31T18:26:56","modified_gmt":"2015-08-31T16:26:56","slug":"aktivitaeten","status":"publish","type":"page","link":"https:\/\/www.darc-c20.de\/?page_id=43","title":{"rendered":"Aktivit\u00e4ten"},"content":{"rendered":"<div class=\"horizontalcssmenu\"><\/div>\n<table border=\"1\" cellspacing=\"2\" cellpadding=\"2\">\n<tbody>\n<tr>\n<td><big><big><big>Aktivit\u00e4ten des Ortsverbandes C20 Pfaffenwinkel &#8211; Weilheim<\/big><\/big><\/big><\/td>\n<\/tr>\n<\/tbody>\n<\/table>\n<table border=\"1\" cellspacing=\"2\" cellpadding=\"2\">\n<tbody>\n<tr>\n<td><strong>Ferienpassaktion\u00a0 2015<br \/>\n<\/strong><br \/>\nDie Ferienpassaktion der Stadt Weilheim unter Mitwirkung des Amateurfunkortsverbandes C 20, Elektronikbasteln mit Jugendlichen,\u00a0 ist mal wieder vorbei. Der erste Kurs, rein f\u00fcr M\u00e4dchen ist leider entfallen, was\u00a0 unsere Schuld nicht war.Der 2. Kurs fand mit Erfolg statt. Hier lernten die Jugendlichen, darunter auch ein M\u00e4dchen, die elektronischen Bauteile, wie Widerst\u00e4nde, Kondensatoren, Transistoren, Leuchtdioden kennen und was sie in einer Schaltung bewirken. Es wurde fleissig und interessiert gel\u00f6tet und geklemmt. Ziel war Leuchtdioden in verschiedenen Variationen blinken zu lassen. Auch Lautsprecher, oder auch Tongeber wurden eingesetzt und die jungen Bastler h\u00f6rten parallel zum Lauflicht im Intervall das Knacken, was nat\u00fcrlich viel Spa\u00df machte.<\/p>\n<p>Im n\u00e4chsten Jahr werden wir auch beim Tag der Familie in Weilheim anwesend sein und unseren Ortsverband C 20 gut vertreten.<\/p>\n<p>Leiter der Aktion war wieder unser OM Reiner Reinke DJ6KI , Unterst\u00fctzer OM Helmut Steffan DK1MSH aus Kempten, und Georg Karg DG6CAA als Aufsichtsperson. Alle nahmen schon zum 6.mal teil und werden, wenn es die Gesundheit zul\u00e4\u00dft, mit viel Spa\u00df weiter machen.<\/p>\n<p>Georg Karg\u00a0 DG6CAA<br \/>\nOVV-C 20<\/p>\n<p><a href=\"https:\/\/www.darc-c20.de\/wp-content\/uploads\/2015\/02\/HPIM1352.jpg\"><img loading=\"lazy\" decoding=\"async\" class=\"wp-image-122 alignnone\" src=\"https:\/\/www.darc-c20.de\/wp-content\/uploads\/2015\/02\/HPIM1352.jpg\" alt=\"HPIM1352\" width=\"300\" height=\"225\" \/><\/a> <a href=\"https:\/\/www.darc-c20.de\/wp-content\/uploads\/2015\/02\/HPIM1353.jpg\"><img loading=\"lazy\" decoding=\"async\" class=\"wp-image-123 alignnone\" src=\"https:\/\/www.darc-c20.de\/wp-content\/uploads\/2015\/02\/HPIM1353.jpg\" alt=\"HPIM1353\" width=\"300\" height=\"225\" \/><\/a> <a href=\"https:\/\/www.darc-c20.de\/wp-content\/uploads\/2015\/02\/HPIM1351.jpg\"><img loading=\"lazy\" decoding=\"async\" class=\"wp-image-121 alignnone\" src=\"https:\/\/www.darc-c20.de\/wp-content\/uploads\/2015\/02\/HPIM1351.jpg\" alt=\"HPIM1351\" width=\"300\" height=\"225\" \/><\/a><\/p>\n<p>&nbsp;<\/p>\n<p><strong>Ferienpa\u00dfaktion 2014 C 20 Weilheim<\/strong><\/p>\n<p>Bei der Ferienpassaktion der Stadt Weilheim beteiligte sich heuer der Amateurfunkortsverband C 20 zum 5.mal, mit 2 Kursen Elektronikbasteln, je 3 Tage. Im ersten Kurs ging es um Experimente mit einfachen elektronischen Bausteinen. Die Jungen im Alter zwischen 8-10 Jahren lernten Widerst\u00e4nde, Kondensatoren, Leuchtdioden und Transistoren kennen. Dabei wurden Schaltungen mit L\u00fcsterklemmen aufgebaut und hier sahen die Jungs, welche Wirkungen diese Bausteine zeigten. Alle waren begeistert und mit gro\u00dfer Freude dabei. Im Wechsel blinkten 2 Leuchtdioden, wobei die Geschwindigkeit selbst bestimmt wurde. Der 2.Kurs befasste sich mit der Hochfrequenztechnik, hier war das Alter zwischen 10 und 13 Jahren. Vorgesehen war der Bau eines Detektorempf\u00e4ngers, daf\u00fcr wurde die Spule f\u00fcr einen Schwingkreis von den Kindern selbst gewickelt, was auch sehr Spass machte. Leiter dieser elektronischen Bastelaktion war wie immer, Reiner Reinke DJ6KI. Stark unterst\u00fctzt wurde er vom Amateurfunkkollegen aus dem Ortsverband Kaufbeuern T 03, Helmut Steffan DK1MSH. Als Mittelschullehrer f\u00fchrt er schon seit 15 Jahren, solche freiwilligen Kurse in seiner Schule unter der Bezeichnung &#8220; Arbeitsgemeinschaft Amateurfunk &#8220; durch.<\/p>\n<p>Als 3. Aufsichtsperson war auch der OVV von C 20 Weilheim, Georg Karg DG6CAA, dabei.<\/p>\n<p>Auch im n\u00e4chsten Jahr werden wir wieder mit neuen Themen aufwarten.<br \/>\nDie nachfolgenden Bilder sind von der Ferienpassaktion 2014:<\/p>\n<p><a href=\"https:\/\/www.darc-c20.de\/wp-content\/uploads\/2015\/02\/HPIM1262.jpg\"><img loading=\"lazy\" decoding=\"async\" class=\"alignnone size-medium wp-image-44\" src=\"https:\/\/www.darc-c20.de\/wp-content\/uploads\/2015\/02\/HPIM1262-300x225.jpg\" alt=\"HPIM1262\" width=\"300\" height=\"225\" srcset=\"https:\/\/www.darc-c20.de\/wp-content\/uploads\/2015\/02\/HPIM1262-300x225.jpg 300w, https:\/\/www.darc-c20.de\/wp-content\/uploads\/2015\/02\/HPIM1262.jpg 800w\" sizes=\"auto, (max-width: 300px) 100vw, 300px\" \/><\/a> <a href=\"https:\/\/www.darc-c20.de\/wp-content\/uploads\/2015\/02\/HPIM1263.jpg\"><img loading=\"lazy\" decoding=\"async\" class=\"alignnone size-medium wp-image-45\" src=\"https:\/\/www.darc-c20.de\/wp-content\/uploads\/2015\/02\/HPIM1263-300x225.jpg\" alt=\"HPIM1263\" width=\"300\" height=\"225\" srcset=\"https:\/\/www.darc-c20.de\/wp-content\/uploads\/2015\/02\/HPIM1263-300x225.jpg 300w, https:\/\/www.darc-c20.de\/wp-content\/uploads\/2015\/02\/HPIM1263.jpg 800w\" sizes=\"auto, (max-width: 300px) 100vw, 300px\" \/><\/a> <a href=\"https:\/\/www.darc-c20.de\/wp-content\/uploads\/2015\/02\/HPIM1264.jpg\"><img loading=\"lazy\" decoding=\"async\" class=\"alignnone size-medium wp-image-46\" src=\"https:\/\/www.darc-c20.de\/wp-content\/uploads\/2015\/02\/HPIM1264-300x225.jpg\" alt=\"HPIM1264\" width=\"300\" height=\"225\" srcset=\"https:\/\/www.darc-c20.de\/wp-content\/uploads\/2015\/02\/HPIM1264-300x225.jpg 300w, https:\/\/www.darc-c20.de\/wp-content\/uploads\/2015\/02\/HPIM1264.jpg 800w\" sizes=\"auto, (max-width: 300px) 100vw, 300px\" \/><\/a> <a href=\"https:\/\/www.darc-c20.de\/wp-content\/uploads\/2015\/02\/HPIM1265.jpg\"><img loading=\"lazy\" decoding=\"async\" class=\"alignnone size-medium wp-image-47\" src=\"https:\/\/www.darc-c20.de\/wp-content\/uploads\/2015\/02\/HPIM1265-300x225.jpg\" alt=\"HPIM1265\" width=\"300\" height=\"225\" srcset=\"https:\/\/www.darc-c20.de\/wp-content\/uploads\/2015\/02\/HPIM1265-300x225.jpg 300w, https:\/\/www.darc-c20.de\/wp-content\/uploads\/2015\/02\/HPIM1265.jpg 800w\" sizes=\"auto, (max-width: 300px) 100vw, 300px\" \/><\/a> <a href=\"https:\/\/www.darc-c20.de\/wp-content\/uploads\/2015\/02\/HPIM1266.jpg\"><img loading=\"lazy\" decoding=\"async\" class=\"alignnone size-medium wp-image-48\" src=\"https:\/\/www.darc-c20.de\/wp-content\/uploads\/2015\/02\/HPIM1266-300x225.jpg\" alt=\"HPIM1266\" width=\"300\" height=\"225\" srcset=\"https:\/\/www.darc-c20.de\/wp-content\/uploads\/2015\/02\/HPIM1266-300x225.jpg 300w, https:\/\/www.darc-c20.de\/wp-content\/uploads\/2015\/02\/HPIM1266.jpg 800w\" sizes=\"auto, (max-width: 300px) 100vw, 300px\" \/><\/a> <a href=\"https:\/\/www.darc-c20.de\/wp-content\/uploads\/2015\/02\/HPIM1267.jpg\"><img loading=\"lazy\" decoding=\"async\" class=\"alignnone size-medium wp-image-49\" src=\"https:\/\/www.darc-c20.de\/wp-content\/uploads\/2015\/02\/HPIM1267-300x225.jpg\" alt=\"HPIM1267\" width=\"300\" height=\"225\" srcset=\"https:\/\/www.darc-c20.de\/wp-content\/uploads\/2015\/02\/HPIM1267-300x225.jpg 300w, https:\/\/www.darc-c20.de\/wp-content\/uploads\/2015\/02\/HPIM1267.jpg 800w\" sizes=\"auto, (max-width: 300px) 100vw, 300px\" \/><\/a> <a href=\"https:\/\/www.darc-c20.de\/wp-content\/uploads\/2015\/02\/HPIM1268.jpg\"><img loading=\"lazy\" decoding=\"async\" class=\"alignnone size-medium wp-image-50\" src=\"https:\/\/www.darc-c20.de\/wp-content\/uploads\/2015\/02\/HPIM1268-300x225.jpg\" alt=\"HPIM1268\" width=\"300\" height=\"225\" srcset=\"https:\/\/www.darc-c20.de\/wp-content\/uploads\/2015\/02\/HPIM1268-300x225.jpg 300w, https:\/\/www.darc-c20.de\/wp-content\/uploads\/2015\/02\/HPIM1268.jpg 800w\" sizes=\"auto, (max-width: 300px) 100vw, 300px\" \/><\/a> <a href=\"https:\/\/www.darc-c20.de\/wp-content\/uploads\/2015\/02\/HPIM1269.jpg\"><img loading=\"lazy\" decoding=\"async\" class=\"alignnone size-medium wp-image-51\" src=\"https:\/\/www.darc-c20.de\/wp-content\/uploads\/2015\/02\/HPIM1269-300x225.jpg\" alt=\"HPIM1269\" width=\"300\" height=\"225\" srcset=\"https:\/\/www.darc-c20.de\/wp-content\/uploads\/2015\/02\/HPIM1269-300x225.jpg 300w, https:\/\/www.darc-c20.de\/wp-content\/uploads\/2015\/02\/HPIM1269.jpg 800w\" sizes=\"auto, (max-width: 300px) 100vw, 300px\" \/><\/a> <a href=\"https:\/\/www.darc-c20.de\/wp-content\/uploads\/2015\/02\/HPIM1270.jpg\"><img loading=\"lazy\" decoding=\"async\" class=\"alignnone size-medium wp-image-52\" src=\"https:\/\/www.darc-c20.de\/wp-content\/uploads\/2015\/02\/HPIM1270-300x225.jpg\" alt=\"HPIM1270\" width=\"300\" height=\"225\" srcset=\"https:\/\/www.darc-c20.de\/wp-content\/uploads\/2015\/02\/HPIM1270-300x225.jpg 300w, https:\/\/www.darc-c20.de\/wp-content\/uploads\/2015\/02\/HPIM1270.jpg 800w\" sizes=\"auto, (max-width: 300px) 100vw, 300px\" \/><\/a> <a href=\"https:\/\/www.darc-c20.de\/wp-content\/uploads\/2015\/02\/HPIM1271.jpg\"><img loading=\"lazy\" decoding=\"async\" class=\"alignnone size-medium wp-image-53\" src=\"https:\/\/www.darc-c20.de\/wp-content\/uploads\/2015\/02\/HPIM1271-300x225.jpg\" alt=\"HPIM1271\" width=\"300\" height=\"225\" srcset=\"https:\/\/www.darc-c20.de\/wp-content\/uploads\/2015\/02\/HPIM1271-300x225.jpg 300w, https:\/\/www.darc-c20.de\/wp-content\/uploads\/2015\/02\/HPIM1271.jpg 800w\" sizes=\"auto, (max-width: 300px) 100vw, 300px\" \/><\/a> <a href=\"https:\/\/www.darc-c20.de\/wp-content\/uploads\/2015\/02\/HPIM1272.jpg\"><img loading=\"lazy\" decoding=\"async\" class=\"alignnone size-medium wp-image-54\" src=\"https:\/\/www.darc-c20.de\/wp-content\/uploads\/2015\/02\/HPIM1272-300x225.jpg\" alt=\"HPIM1272\" width=\"300\" height=\"225\" srcset=\"https:\/\/www.darc-c20.de\/wp-content\/uploads\/2015\/02\/HPIM1272-300x225.jpg 300w, https:\/\/www.darc-c20.de\/wp-content\/uploads\/2015\/02\/HPIM1272.jpg 800w\" sizes=\"auto, (max-width: 300px) 100vw, 300px\" \/><\/a> <a href=\"https:\/\/www.darc-c20.de\/wp-content\/uploads\/2015\/02\/HPIM1273.jpg\"><img loading=\"lazy\" decoding=\"async\" class=\"alignnone size-medium wp-image-55\" src=\"https:\/\/www.darc-c20.de\/wp-content\/uploads\/2015\/02\/HPIM1273-300x225.jpg\" alt=\"HPIM1273\" width=\"300\" height=\"225\" srcset=\"https:\/\/www.darc-c20.de\/wp-content\/uploads\/2015\/02\/HPIM1273-300x225.jpg 300w, https:\/\/www.darc-c20.de\/wp-content\/uploads\/2015\/02\/HPIM1273.jpg 800w\" sizes=\"auto, (max-width: 300px) 100vw, 300px\" \/><\/a> <a href=\"https:\/\/www.darc-c20.de\/wp-content\/uploads\/2015\/02\/HPIM1274.jpg\"><img loading=\"lazy\" decoding=\"async\" class=\"alignnone size-medium wp-image-56\" src=\"https:\/\/www.darc-c20.de\/wp-content\/uploads\/2015\/02\/HPIM1274-300x225.jpg\" alt=\"HPIM1274\" width=\"300\" height=\"225\" srcset=\"https:\/\/www.darc-c20.de\/wp-content\/uploads\/2015\/02\/HPIM1274-300x225.jpg 300w, https:\/\/www.darc-c20.de\/wp-content\/uploads\/2015\/02\/HPIM1274.jpg 800w\" sizes=\"auto, (max-width: 300px) 100vw, 300px\" \/><\/a> <a href=\"https:\/\/www.darc-c20.de\/wp-content\/uploads\/2015\/02\/HPIM1275.jpg\"><img loading=\"lazy\" decoding=\"async\" class=\"alignnone size-medium wp-image-57\" src=\"https:\/\/www.darc-c20.de\/wp-content\/uploads\/2015\/02\/HPIM1275-300x225.jpg\" alt=\"HPIM1275\" width=\"300\" height=\"225\" srcset=\"https:\/\/www.darc-c20.de\/wp-content\/uploads\/2015\/02\/HPIM1275-300x225.jpg 300w, https:\/\/www.darc-c20.de\/wp-content\/uploads\/2015\/02\/HPIM1275.jpg 800w\" sizes=\"auto, (max-width: 300px) 100vw, 300px\" \/><\/a> <a href=\"https:\/\/www.darc-c20.de\/wp-content\/uploads\/2015\/02\/HPIM1276.jpg\"><img loading=\"lazy\" decoding=\"async\" class=\"alignnone size-medium wp-image-58\" src=\"https:\/\/www.darc-c20.de\/wp-content\/uploads\/2015\/02\/HPIM1276-300x225.jpg\" alt=\"HPIM1276\" width=\"300\" height=\"225\" srcset=\"https:\/\/www.darc-c20.de\/wp-content\/uploads\/2015\/02\/HPIM1276-300x225.jpg 300w, https:\/\/www.darc-c20.de\/wp-content\/uploads\/2015\/02\/HPIM1276.jpg 800w\" sizes=\"auto, (max-width: 300px) 100vw, 300px\" \/><\/a> <a href=\"https:\/\/www.darc-c20.de\/wp-content\/uploads\/2015\/02\/HPIM1277.jpg\"><img loading=\"lazy\" decoding=\"async\" class=\"alignnone size-medium wp-image-59\" src=\"https:\/\/www.darc-c20.de\/wp-content\/uploads\/2015\/02\/HPIM1277-300x225.jpg\" alt=\"HPIM1277\" width=\"300\" height=\"225\" srcset=\"https:\/\/www.darc-c20.de\/wp-content\/uploads\/2015\/02\/HPIM1277-300x225.jpg 300w, https:\/\/www.darc-c20.de\/wp-content\/uploads\/2015\/02\/HPIM1277.jpg 800w\" sizes=\"auto, (max-width: 300px) 100vw, 300px\" \/><\/a> <a href=\"https:\/\/www.darc-c20.de\/wp-content\/uploads\/2015\/02\/HPIM1281.jpg\"><img loading=\"lazy\" decoding=\"async\" class=\"alignnone size-medium wp-image-60\" src=\"https:\/\/www.darc-c20.de\/wp-content\/uploads\/2015\/02\/HPIM1281-300x225.jpg\" alt=\"HPIM1281\" width=\"300\" height=\"225\" srcset=\"https:\/\/www.darc-c20.de\/wp-content\/uploads\/2015\/02\/HPIM1281-300x225.jpg 300w, https:\/\/www.darc-c20.de\/wp-content\/uploads\/2015\/02\/HPIM1281.jpg 800w\" sizes=\"auto, (max-width: 300px) 100vw, 300px\" \/><\/a> <a href=\"https:\/\/www.darc-c20.de\/wp-content\/uploads\/2015\/02\/HPIM1282.jpg\"><img loading=\"lazy\" decoding=\"async\" class=\"alignnone size-medium wp-image-61\" src=\"https:\/\/www.darc-c20.de\/wp-content\/uploads\/2015\/02\/HPIM1282-300x225.jpg\" alt=\"HPIM1282\" width=\"300\" height=\"225\" srcset=\"https:\/\/www.darc-c20.de\/wp-content\/uploads\/2015\/02\/HPIM1282-300x225.jpg 300w, https:\/\/www.darc-c20.de\/wp-content\/uploads\/2015\/02\/HPIM1282.jpg 800w\" sizes=\"auto, (max-width: 300px) 100vw, 300px\" \/><\/a> <a href=\"https:\/\/www.darc-c20.de\/wp-content\/uploads\/2015\/02\/HPIM1283.jpg\"><img loading=\"lazy\" decoding=\"async\" class=\"alignnone size-medium wp-image-62\" src=\"https:\/\/www.darc-c20.de\/wp-content\/uploads\/2015\/02\/HPIM1283-300x225.jpg\" alt=\"HPIM1283\" width=\"300\" height=\"225\" srcset=\"https:\/\/www.darc-c20.de\/wp-content\/uploads\/2015\/02\/HPIM1283-300x225.jpg 300w, https:\/\/www.darc-c20.de\/wp-content\/uploads\/2015\/02\/HPIM1283.jpg 800w\" sizes=\"auto, (max-width: 300px) 100vw, 300px\" \/><\/a> <a href=\"https:\/\/www.darc-c20.de\/wp-content\/uploads\/2015\/02\/HPIM1284.jpg\"><img loading=\"lazy\" decoding=\"async\" class=\"alignnone size-medium wp-image-63\" src=\"https:\/\/www.darc-c20.de\/wp-content\/uploads\/2015\/02\/HPIM1284-300x225.jpg\" alt=\"HPIM1284\" width=\"300\" height=\"225\" srcset=\"https:\/\/www.darc-c20.de\/wp-content\/uploads\/2015\/02\/HPIM1284-300x225.jpg 300w, https:\/\/www.darc-c20.de\/wp-content\/uploads\/2015\/02\/HPIM1284.jpg 800w\" sizes=\"auto, (max-width: 300px) 100vw, 300px\" \/><\/a><\/td>\n<\/tr>\n<\/tbody>\n<\/table>\n","protected":false},"excerpt":{"rendered":"<p>Aktivit\u00e4ten des Ortsverbandes C20 Pfaffenwinkel &#8211; Weilheim Ferienpassaktion\u00a0 2015 Die Ferienpassaktion der Stadt Weilheim unter Mitwirkung des Amateurfunkortsverbandes C 20, Elektronikbasteln mit Jugendlichen,\u00a0 ist mal wieder vorbei. Der erste Kurs, rein f\u00fcr M\u00e4dchen ist leider entfallen, was\u00a0 unsere Schuld nicht &hellip; <a href=\"https:\/\/www.darc-c20.de\/?page_id=43\">Weiterlesen <span class=\"meta-nav\">&rarr;<\/span><\/a><\/p>\n","protected":false},"author":1,"featured_media":0,"parent":37,"menu_order":2,"comment_status":"closed","ping_status":"closed","template":"onecolumn-page.php","meta":{"footnotes":""},"class_list":["post-43","page","type-page","status-publish","hentry"],"_links":{"self":[{"href":"https:\/\/www.darc-c20.de\/index.php?rest_route=\/wp\/v2\/pages\/43","targetHints":{"allow":["GET"]}}],"collection":[{"href":"https:\/\/www.darc-c20.de\/index.php?rest_route=\/wp\/v2\/pages"}],"about":[{"href":"https:\/\/www.darc-c20.de\/index.php?rest_route=\/wp\/v2\/types\/page"}],"author":[{"embeddable":true,"href":"https:\/\/www.darc-c20.de\/index.php?rest_route=\/wp\/v2\/users\/1"}],"replies":[{"embeddable":true,"href":"https:\/\/www.darc-c20.de\/index.php?rest_route=%2Fwp%2Fv2%2Fcomments&post=43"}],"version-history":[{"count":4,"href":"https:\/\/www.darc-c20.de\/index.php?rest_route=\/wp\/v2\/pages\/43\/revisions"}],"predecessor-version":[{"id":125,"href":"https:\/\/www.darc-c20.de\/index.php?rest_route=\/wp\/v2\/pages\/43\/revisions\/125"}],"up":[{"embeddable":true,"href":"https:\/\/www.darc-c20.de\/index.php?rest_route=\/wp\/v2\/pages\/37"}],"wp:attachment":[{"href":"https:\/\/www.darc-c20.de\/index.php?rest_route=%2Fwp%2Fv2%2Fmedia&parent=43"}],"curies":[{"name":"wp","href":"https:\/\/api.w.org\/{rel}","templated":true}]}}