{"id":39,"date":"2015-02-21T11:33:21","date_gmt":"2015-02-21T10:33:21","guid":{"rendered":"https:\/\/www.darc-c20.de\/?page_id=39"},"modified":"2015-02-21T11:47:49","modified_gmt":"2015-02-21T10:47:49","slug":"chronik","status":"publish","type":"page","link":"https:\/\/www.darc-c20.de\/?page_id=39","title":{"rendered":"Chronik"},"content":{"rendered":"<table border=\"1\" cellspacing=\"2\" cellpadding=\"2\">\n<tbody>\n<tr>\n<th>\n<p style=\"text-align: center;\"><big><big><big>Chronik des Ortsverbands C 20 <\/big><\/big><\/big><\/p>\n<p style=\"text-align: center;\"><big><big><big><a href=\"https:\/\/www.darc-c20.de\/wp-content\/uploads\/2015\/02\/logo-c20.gif\"><img loading=\"lazy\" decoding=\"async\" class=\" size-full wp-image-7 alignnone\" src=\"https:\/\/www.darc-c20.de\/wp-content\/uploads\/2015\/02\/logo-c20.gif\" alt=\"logo-c20\" width=\"150\" height=\"143\" \/><\/a><\/big><\/big><\/big><\/p>\n<p style=\"text-align: center;\"><big><big><big>Pfaffenwi<\/big><\/big><\/big><big><big><big>nkel<\/big>\u00a0<\/big><\/big><\/p>\n<\/th>\n<\/tr>\n<\/tbody>\n<\/table>\n<table border=\"0\" cellspacing=\"2\" cellpadding=\"2\">\n<tbody>\n<tr>\n<td>Der Ortsverband &#8222;Pfaffenwinkel&#8220; wurde am 11. Mai 1968 gegr\u00fcndet &#8211; nach langwierigen Verhandlungen mit dem Distrikt.<\/p>\n<div>Der damals bestehende Ortsverband &#8222;<a href=\"http:\/\/www.darc.de\/distrikte\/c\/23\/\">Ammersee &#8211; C 23<\/a>&#8220; (gegr\u00fcndet im Juli 1957) erstreckte sich auf das Gebiet von der Nordspitze des Ammersees bis s\u00fcdlich Murnau, und von Landsberg am Lech bis nach Penzberg. Durch weite Anfahrten (zum Teil von Germering) zum OV-Abend in Weilheim war es &#8211; speziell im Winter &#8211; vielen Mitgliedern fast unm\u00f6glich, regelm\u00e4\u00dfig an den Abenden in Weilheim teilzunehmen. Zudem war der QSL-Manager (DJ4KX) in Sch\u00f6ngeising zu Hause. Daf\u00fcr fand \u00f6fters auf 80m am Sonntag vormittag die sogenannte &#8222;Ammerseerunde&#8220; statt. (&#8222;Hier ist DL1UB, der Alois vom Ammersee&#8220;). Daher wurde im November 1967 der Antrag auf Teilung des gro\u00dfen Gebietes von den &#8222;tats\u00e4chlichen Ammerseern&#8220; gestellt. Im Januar 1968 wurde \u00fcber die Trennung und Neugr\u00fcndung beraten und diese beschlossen.<\/div>\n<div>Also fand am Samstag, 11. Mai 1968, in Weilheim die Teilung und Neugr\u00fcndung statt. Der damalige stellvertretende Distriktsvorsitzende OM Werner Franz, DL1VW, hob den Ortsverband aus der Taufe und gab ihm den DOK C 20. (Die damals noch freien DOK C 01 und C 06 waren schon f\u00fcr andere Neugr\u00fcndungen reserviert gewesen).<\/div>\n<p>\u00dcber den Namen des Ortsverbandes &#8211; Pfaffenwinkel &#8211; war schon vorher unter den neuen Mitgliedern diskutiert und abgestimmt worden.<\/p>\n<p>Zum OVV vom Ortsverband &#8222;Pfaffenwinkel&#8220; wurde der bisherige OVV Ammersee DL1LK &#8211; Dr. Wolfgang Montag &#8211; gew\u00e4hlt.<\/p>\n<p>Zum OVV vom Ortsverband &#8222;Ammersee&#8220; wurde DJ4DY &#8211; Bruno Heine &#8211; gew\u00e4hlt.<\/p>\n<p><big><big>Gebiet des Ortsverbandes:<\/big><\/big><\/p>\n<div>Die Gr\u00f6\u00dfe und Lage des neuen Ortsverbands war haupts\u00e4chlich durch die Grenzen der Landkreise Weilheim (WM) und Schongau (SOG) bestimmt. (Murnau und der Staffelsee sowie Bad Bayersoien &lt;noch ohne den Zusatz &#8222;Bad&#8220;&gt; geh\u00f6rten damals noch zum Landkreis Weilheim. Ebenso waren damals Rott, Reichling sowie Apfeldorf \u00a0noch dem Landkreis Schongau zugeh\u00f6rig.<\/div>\n<div>Durch die Zunahme der Mitglieder im OV nahmen auch die Entfernungen zum Versammlungsort Weilheim zu. So waren die monatlichen Treffen fast nur mit eigener PKW-Fahrt m\u00f6glich. Und dies sogar mit l\u00e4ngeren Anfahrtswegen von manchmal 50 bis 60 Minuten. Wie sonst sollte man von Krottenhill, Bernbeuren, Lechbruck oder Steingaden nach Weilheim kommen?<\/div>\n<div>Daher haben sich die Mitglieder im &#8222;Altlandkreis Schongau&#8220; entschlossen, einen eigenen Ortsverband mit Sitz in Schongau zu gr\u00fcnden. Nach Vorgespr\u00e4chen mit der Distriktsvorstandschaft wurde der neue Ortsverband &#8222;Schongau&#8220; mit dem neuen DOK C 36 am 21. Dezember 1985 gegr\u00fcndet.<\/div>\n<p>Zum Ortsverbandsvorsitzenden wurde von den verbleibenden Mitgliedern des neuen OV Schongau OM Hans Jandt, DL4MCR, gew\u00e4hlt.<\/p>\n<p><big><big>Warum der Name &#8222;Pfaffenwinkel&#8220;?<\/big>:<\/big><\/p>\n<div>Der <a href=\"http:\/\/de.wikipedia.org\/wiki\/Pfaffenwinkel\">&#8222;Pfaffenwinkel&#8220;<\/a> umfasst das Gebiet zwischen Loisach, Ammer und Lech (von Ost nach West), im Norden betrachtet man als Grenze das jeweilige S\u00fcdende von Ammersee und Starnberger See, und im S\u00fcden sind die Ammergauer Berge die Grenze. In dieser Landschaft liegen Kl\u00f6ster und Kirchen sehr eng beieinander.<\/div>\n<div>In dieser Region sind die Ortsverb\u00e4nde &#8222;Garmisch-Partenkirchen &#8211; C 03&#8220; , &#8222;Pfaffenwinkel &#8211; C 20&#8220; , &#8222;Schongau &#8211; C 36&#8220; sowie &#8222;Pfronten-F\u00fcssen &#8211; T 11&#8220; zu Hause, wobei der Ortsverband Schongau durch die Teilung des OV Pfaffenwinkel im Jahre 1985 entstanden ist.<\/div>\n<p>Seit diesem Zeitpunkt (1985), bzw. nach der Gr\u00fcndung des OV Herrsching, grenzen an den OV &#8222;Pfaffenwinkel&#8220; folgende Ortsverb\u00e4nde:<\/p>\n<p>Im Norden: <a href=\"http:\/\/www.darc-c21.de\/\">OV Landsberg (C 21)<\/a>, <a href=\"http:\/\/www.darc.de\/distrikte\/c\/23\/\">OV Ammersee (C 23)<\/a> und <a href=\"http:\/\/www.darc.de\/distrikte\/c\/37\/\">OV Herrsching (C 37)<\/a><\/p>\n<p>Im Osten: <a href=\"http:\/\/www.darc.de\/distrikte\/c\/17\/\">OV W\u00fcrmsee (C 17)<\/a> und <a href=\"http:\/\/www.ov-c07.de\/\">OV Isarwinkel (C 07)<\/a><\/p>\n<p>Im S\u00fcden: <a href=\"http:\/\/www.darc-c03.de\/\">OV Garmisch-Partenkirchen (C 03)<\/a><\/p>\n<p>Im Westen: <a href=\"http:\/\/www.darc.de\/distrikte\/c\/36\/\">OV Schongau (C 36)<\/a><\/td>\n<\/tr>\n<\/tbody>\n<\/table>\n<p><big><big>Die Vorstandschaft im Ortsverband:<\/big><\/big><\/p>\n<table border=\"1\" cellspacing=\"2\" cellpadding=\"2\">\n<tbody>\n<tr>\n<td>1968 bis 1970:<\/td>\n<td>OVV<\/td>\n<td>DL1LK &#8211; Dr. Wolf-Dieter Montag<\/td>\n<\/tr>\n<tr>\n<td><\/td>\n<td>Stellvertreter<\/td>\n<td>DJ9PF &#8211; Theo Birnbaum<\/td>\n<\/tr>\n<tr>\n<td><\/td>\n<td>QSL-Vermittlung<\/td>\n<td>DL1MD &#8211; Dr. Heribert Rechl<\/td>\n<\/tr>\n<tr>\n<td><\/td>\n<td>Jugendreferent<\/td>\n<td>DK2KV &#8211; Wolfgang Palmberger<\/td>\n<\/tr>\n<tr>\n<td><\/td>\n<td><\/td>\n<td><\/td>\n<\/tr>\n<tr>\n<td>1970 bis 1975:<\/td>\n<td>OVV<\/td>\n<td>DJ9PF &#8211; Theo Birnbaum<\/td>\n<\/tr>\n<tr>\n<td><\/td>\n<td>Stellvertreter<\/td>\n<td>DK1IB &#8211; Alfred Kluger<\/td>\n<\/tr>\n<tr>\n<td><\/td>\n<td>QSL-Vermittlung<\/td>\n<td>DL1MD &#8211; Dr. Heribert Rechl<\/td>\n<\/tr>\n<\/tbody>\n<\/table>\n<p>&nbsp;<\/p>\n<p id=\"iepara\">Bei der Jahreshauptversammlung am 11. April 1975 gab DK1IB sein Amt auf und \u00fcbernahm das Amt des Jugendgruppenleiters. Bis zu den Neuwahlen in 1976 ernannte OVV DJ9PF &#8211; DK5MY Gerhard Strunz zu seinem kommisarischen Stellvertreter.<\/p>\n<table border=\"1\" cellspacing=\"2\" cellpadding=\"2\">\n<tbody>\n<tr>\n<td>1976 bis 1982:<\/td>\n<td>OVV<\/td>\n<td>DJ9PF &#8211; Theo Birnbaum<\/td>\n<\/tr>\n<tr>\n<td><\/td>\n<td>Stellvertreter<\/td>\n<td>DJ6WQ &#8211; Manfred Kienzle<\/td>\n<\/tr>\n<tr>\n<td><\/td>\n<td>QSL-Vermittlung<\/td>\n<td>DK6MS &#8211;\u00a0Siegfried Ptaschnik<\/td>\n<\/tr>\n<tr>\n<td><\/td>\n<td>Kassenwart<\/td>\n<td>DK2KV &#8211; Wolfgang Palmberger<\/td>\n<\/tr>\n<tr>\n<td><\/td>\n<td>Jugendreferent<\/td>\n<td>DK1IB &#8211; Alfred Kluger<\/td>\n<\/tr>\n<tr>\n<td>1982 bis 1988<\/td>\n<td>OVV<\/td>\n<td>DK5MQ &#8211; Peter Jungheinrich<\/td>\n<\/tr>\n<tr>\n<td>1988 bis 1992<\/td>\n<td>OVV<\/td>\n<td>DF5EQ &#8211; Peter B\u00e4gel<\/td>\n<\/tr>\n<tr>\n<td>1992 bis 2006<\/td>\n<td>OVV<\/td>\n<td>DK5MQ &#8211; Peter Jungheinrich (durch Unfall Verstorben)<\/td>\n<\/tr>\n<tr>\n<td>ab 2006<\/td>\n<td>OVV<\/td>\n<td>DG6CAA &#8211; Georg Karg<\/td>\n<\/tr>\n<\/tbody>\n<\/table>\n","protected":false},"excerpt":{"rendered":"<p>Chronik des Ortsverbands C 20 Pfaffenwinkel\u00a0 Der Ortsverband &#8222;Pfaffenwinkel&#8220; wurde am 11. Mai 1968 gegr\u00fcndet &#8211; nach langwierigen Verhandlungen mit dem Distrikt. Der damals bestehende Ortsverband &#8222;Ammersee &#8211; C 23&#8220; (gegr\u00fcndet im Juli 1957) erstreckte sich auf das Gebiet von &hellip; <a href=\"https:\/\/www.darc-c20.de\/?page_id=39\">Weiterlesen <span class=\"meta-nav\">&rarr;<\/span><\/a><\/p>\n","protected":false},"author":1,"featured_media":0,"parent":37,"menu_order":1,"comment_status":"closed","ping_status":"closed","template":"onecolumn-page.php","meta":{"footnotes":""},"class_list":["post-39","page","type-page","status-publish","hentry"],"_links":{"self":[{"href":"https:\/\/www.darc-c20.de\/index.php?rest_route=\/wp\/v2\/pages\/39","targetHints":{"allow":["GET"]}}],"collection":[{"href":"https:\/\/www.darc-c20.de\/index.php?rest_route=\/wp\/v2\/pages"}],"about":[{"href":"https:\/\/www.darc-c20.de\/index.php?rest_route=\/wp\/v2\/types\/page"}],"author":[{"embeddable":true,"href":"https:\/\/www.darc-c20.de\/index.php?rest_route=\/wp\/v2\/users\/1"}],"replies":[{"embeddable":true,"href":"https:\/\/www.darc-c20.de\/index.php?rest_route=%2Fwp%2Fv2%2Fcomments&post=39"}],"version-history":[{"count":3,"href":"https:\/\/www.darc-c20.de\/index.php?rest_route=\/wp\/v2\/pages\/39\/revisions"}],"predecessor-version":[{"id":42,"href":"https:\/\/www.darc-c20.de\/index.php?rest_route=\/wp\/v2\/pages\/39\/revisions\/42"}],"up":[{"embeddable":true,"href":"https:\/\/www.darc-c20.de\/index.php?rest_route=\/wp\/v2\/pages\/37"}],"wp:attachment":[{"href":"https:\/\/www.darc-c20.de\/index.php?rest_route=%2Fwp%2Fv2%2Fmedia&parent=39"}],"curies":[{"name":"wp","href":"https:\/\/api.w.org\/{rel}","templated":true}]}}